{"id":54,"date":"2024-12-15T14:12:49","date_gmt":"2024-12-15T14:12:49","guid":{"rendered":"https:\/\/jasminmassage.be\/?page_id=54"},"modified":"2025-08-17T14:25:09","modified_gmt":"2025-08-17T14:25:09","slug":"massages","status":"publish","type":"page","link":"https:\/\/jasminmassage.be\/?page_id=54","title":{"rendered":"Massage&#8217;s &amp; tarieven"},"content":{"rendered":"\n<p>Jasmin Thaise massage en spa behandelingen<\/p>\n\n\n\n<p>\ud83e\udeb7<a href=\"https:\/\/widget.treatwell.be\/salon\/jasmin-massage-spa\/\">Traditionele Thaise massage<\/a> (\u20ac 60\/60 min.)<br>Traditionele Thaise massage combineert acupressuur, stretchen en ondersteunde yogahoudingen om ontspanning, flexibiliteit en algeheel welzijn te bevorderen.<\/p>\n\n\n\n<p>\ud83e\udeb7<a href=\"https:\/\/widget.treatwell.be\/salon\/jasmin-massage-spa\/\">Thaise combinatiemassage<\/a> \/ <a href=\"https:\/\/widget.treatwell.be\/salon\/jasmin-massage-spa\/\">Thaise olie massage<\/a> (\u20ac 65\/60 min.)<br>De Thaise combinatiemassage combineert traditionele Thaise technieken met elementen van Zweedse en deep tissue massage voor een verjongende en therapeutische ervaring.<\/p>\n\n\n\n<p>\ud83e\udeb7<a href=\"https:\/\/widget.treatwell.be\/salon\/jasmin-massage-spa\/\">Thaise olie massage met hotstone<\/a> (\u20ac 75\/60 min.)<br>Tijdens deze massage wordt het lichaam gemasseerd met handen en verwarmde vulkaanstenen (meestal van basalt). Ook worden er stenen op specifieke acupunctuurpunten van het lichaam gelegd. De warmte zorgt -in combinatie met de masserende bewegingen- niet alleen voor een diepe ontspanning, maar ook voor een stimulatie van de bloedsomloop, afvoer van gifstoffen en verlichting van verschillende lichamelijke klachten.<\/p>\n\n\n\n<p>\ud83e\udeb7<a href=\"https:\/\/widget.treatwell.be\/salon\/jasmin-massage-spa\/\">Aromatherapie<\/a><a href=\"https:\/\/www.treatwell.be\/salon\/jasmin-massage-and-spa\/\"> <\/a><a href=\"https:\/\/widget.treatwell.be\/salon\/jasmin-massage-spa\/\">met gezichtsmassage<\/a> (\u20ac 75\/60 min.)<br>Aromatherapie is een specifiek type therapie waarbij geurende essenti\u00eble oli\u00ebn in een massage worden verwerkt. De massage bestaat uit het afwisselen van zachte en hardere druk terwijl een bepaalde mix van essenti\u00eble oli\u00ebn wordt gebruikt.&nbsp; De essenti\u00eble oli\u00ebn worden verdund voor gebruik en worden samen met lotion aangebracht tijdens de massage<br><br>\ud83e\udeb7<a href=\"https:\/\/widget.treatwell.be\/salon\/jasmin-massage-spa\/\">Zwangerschapsmassage<\/a> (\u20ac 60\/60 min.)<br>Deze behandeling bestaat uit zachte, omhullende bewegingen die het lichaam ontspannen en algemene harmonisatie mogelijk maken. Er wordt speciale aandacht besteed aan lichaamsdelen die tijdens de zwangerschap bijzonder gestrest zijn (onderrug, buik, borst en benen). De effecten blijven na de sessie aanhouden; het verbetert de slaap en de bloedsomloop, stimuleert de vitaliteit en zorgt voor de afvoer van gifstoffen. De voordelen van massage hebben ook invloed op de baby, die gevoelig is voor het welzijn van zijn moeder.<\/p>\n\n\n\n<p>\ud83e\udeb7<a href=\"https:\/\/widget.treatwell.be\/salon\/jasmin-massage-spa\/\">Sportmassage \/ dieptemassage<\/a> (\u20ac 65\/60 min.)<br>Een sportmassage krijgen is een gemakkelijke manier om pijntjes te verminderen en af \u200b\u200bte wenden, of u nu een competitieve of recreatieve hardloper bent.&nbsp; Terwijl de wetenschappelijke voordelen en effectiviteit van sportmassages \u2013 zoals een vermindering van vertraagde spierpijn (DOMS), verminderde stress, verbeterde slaap en flexibiliteit<\/p>\n\n\n\n<p>\ud83e\udeb7<a href=\"https:\/\/widget.treatwell.be\/salon\/jasmin-massage-spa\/\">Ontspanning\/ Anti-stressmassage<\/a> (\u20ac 60\/60 min.)<br>Deze massage zorgt voor een algeheel gevoel van ontspanning. Terwijl je spieren relaxen ebt stress weg zodat lichaam en geest weer in balans komen.<\/p>\n\n\n\n<p>\ud83e\udeb7 <a href=\"https:\/\/widget.treatwell.be\/salon\/jasmin-massage-spa\/\">Holistische massage (Reiki)<\/a> (\u20ac65\/60 min.)<br>Reiki is een complementaire therapie. Het wordt momenteel aangeboden in veel ziekenhuizen, verpleeghuizen, palliatieve zorginstellingen en instellingen voor maatschappelijke dienstverlening. Het systeem van reiki werkt samen met alle andere medische of therapeutische technieken om de verlichting van bijwerkingen te ondersteunen, pijn te verminderen en welzijn te bevorderen.<\/p>\n\n\n\n<p>\ud83e\udeb7<a href=\"https:\/\/widget.treatwell.be\/salon\/jasmin-massage-spa\/\">Bodyfirming massage<\/a> (\u20ac85\/45 min.)<br>Deze behandeling is gericht op het stimuleren en verstevigen van slappe spieren en huid. Hierdoor verbetert de elasticiteit en stevigheid van de huid na de massage en neemt de spierspanning toe.<\/p>\n\n\n\n<p>\ud83e\udeb7<a href=\"https:\/\/widget.treatwell.be\/salon\/jasmin-massage-spa\/\">Bodyscrub<\/a> (\u20ac50\/45 min.)<br>&nbsp;Een bodyscrub is een fysieke exfoliant die meestal op zout of suiker is gebaseerd en die wordt gebruikt om dode huidcellen van je huid te verwijderen. De schurende ingredi\u00ebnten (suiker, zout) worden in de huid verwerkt en werken als een natuurlijke exfoliant, waardoor de huid wordt gereinigd van oudere huidcellen, zodat je huid zacht, soepel en gevoed aanvoelt.<\/p>\n\n\n\n<p>\ud83e\udeb7<a href=\"https:\/\/widget.treatwell.be\/salon\/jasmin-massage-spa\/\">Kindermassage<\/a> (\u20ac30\/30 min.)<br>Kindermassage is geschikt voor alle kinderen. Het doel van kindermassage is om als belangrijk hulpmiddel te dienen voor een gezonde ontwikkeling. Het grootste deel van de informatie die onze hersenen ontvangt, komt binnen via de tastzin. Door liefdevolle aanrakingen wordt de aanmaak van het hormoon oxytocine gestimuleerd. Dit hormoon zorgt voor een geborgen gevoel. Het is voor ieder kind belangrijk om zich zo optimaal mogelijk te ontwikkelen.<br><br>\ud83e\udeb7 <a href=\"https:\/\/widget.treatwell.be\/salon\/jasmin-massage-spa\/\">Duo-massage<\/a> (\u20ac110\/60 min.)<br>Ontspanningsmassage voor twee personen in dezelfde ruimte. Deze massage zorgt voor een algeheel gevoel van ontspanning. Terwijl je spieren relaxen ebt stress weg zodat lichaam en geest weer in balans komen.<\/p>\n\n\n\n<p>\ud83e\udeb7 <a href=\"https:\/\/widget.treatwell.be\/salon\/jasmin-massage-spa\/\">Duo-massage met hot stones<\/a> (\u20ac150\/60 min.)<br>Tijdens deze massage wordt het lichaam gemasseerd met handen en verwarmde vulkaanstenen (meestal van basalt). Ook worden er stenen op specifieke acupunctuurpunten van het lichaam gelegd. De warmte zorgt -in combinatie met de masserende bewegingen- niet alleen voor een diepe ontspanning, maar ook voor een stimulatie van de bloedsomloop, afvoer van gifstoffen en verlichting van verschillende lichamelijke klachten.<\/p>\n\n\n\n<p>\ud83e\udeb7 <a href=\"https:\/\/widget.treatwell.be\/salon\/jasmin-massage-spa\/\">Duo-massage met facial<\/a> (\u20ac150\/60 min.)<br>Met twee personen genieten van een heerlijke lichaamsmassage en gezichtsmassage in dezelfde ruimte.<\/p>\n\n\n\n<p>Check voor meer behandelingen \ud83e\udeb7 <a href=\"https:\/\/www.treatwell.be\/salon\/jasmin-massage-and-spa\/\">De <\/a><a href=\"https:\/\/widget.treatwell.be\/salon\/jasmin-massage-spa\/\">afspraken pagina<\/a><\/p>\n\n\n\n<figure class=\"wp-block-image size-large\"><img loading=\"lazy\" decoding=\"async\" width=\"1024\" height=\"548\" src=\"https:\/\/jasminmassage.be\/wp-content\/uploads\/2025\/03\/893ab75a-bef3-4f4d-8c83-b66549adac34-1024x548.jpeg\" alt=\"\" class=\"wp-image-158\" srcset=\"https:\/\/jasminmassage.be\/wp-content\/uploads\/2025\/03\/893ab75a-bef3-4f4d-8c83-b66549adac34-1024x548.jpeg 1024w, https:\/\/jasminmassage.be\/wp-content\/uploads\/2025\/03\/893ab75a-bef3-4f4d-8c83-b66549adac34-300x161.jpeg 300w, https:\/\/jasminmassage.be\/wp-content\/uploads\/2025\/03\/893ab75a-bef3-4f4d-8c83-b66549adac34-768x411.jpeg 768w, https:\/\/jasminmassage.be\/wp-content\/uploads\/2025\/03\/893ab75a-bef3-4f4d-8c83-b66549adac34-1536x822.jpeg 1536w, https:\/\/jasminmassage.be\/wp-content\/uploads\/2025\/03\/893ab75a-bef3-4f4d-8c83-b66549adac34.jpeg 2048w\" sizes=\"auto, (max-width: 1024px) 100vw, 1024px\" \/><\/figure>\n","protected":false},"excerpt":{"rendered":"<p>Jasmin Thaise massage en spa behandelingen \ud83e\udeb7Traditionele Thaise massage (\u20ac 60\/60 min.)Traditionele Thaise massage combineert acupressuur, stretchen en ondersteunde yogahoudingen om ontspanning, flexibiliteit en algeheel welzijn te bevorderen. \ud83e\udeb7Thaise combinatiemassage \/ Thaise olie massage (\u20ac 65\/60 min.)De Thaise combinatiemassage combineert traditionele Thaise technieken met elementen van Zweedse en deep tissue massage voor een verjongende en [&hellip;]<\/p>\n","protected":false},"author":1,"featured_media":0,"parent":0,"menu_order":0,"comment_status":"closed","ping_status":"closed","template":"","meta":{"footnotes":""},"class_list":["post-54","page","type-page","status-publish","hentry"],"yoast_head":"<!-- This site is optimized with the Yoast SEO plugin v25.0 - https:\/\/yoast.com\/wordpress\/plugins\/seo\/ -->\n<title>Massage&#039;s &amp; tarieven - Jasmin Massage &amp; Spa<\/title>\n<meta name=\"robots\" content=\"index, follow, max-snippet:-1, max-image-preview:large, max-video-preview:-1\" \/>\n<link rel=\"canonical\" href=\"https:\/\/jasminmassage.be\/?page_id=54\" \/>\n<meta property=\"og:locale\" content=\"nl_NL\" \/>\n<meta property=\"og:type\" content=\"article\" \/>\n<meta property=\"og:title\" content=\"Massage&#039;s &amp; tarieven - Jasmin Massage &amp; Spa\" \/>\n<meta property=\"og:description\" content=\"Jasmin Thaise massage en spa behandelingen \ud83e\udeb7Traditionele Thaise massage (\u20ac 60\/60 min.)Traditionele Thaise massage combineert acupressuur, stretchen en ondersteunde yogahoudingen om ontspanning, flexibiliteit en algeheel welzijn te bevorderen. \ud83e\udeb7Thaise combinatiemassage \/ Thaise olie massage (\u20ac 65\/60 min.)De Thaise combinatiemassage combineert traditionele Thaise technieken met elementen van Zweedse en deep tissue massage voor een verjongende en [&hellip;]\" \/>\n<meta property=\"og:url\" content=\"https:\/\/jasminmassage.be\/?page_id=54\" \/>\n<meta property=\"og:site_name\" content=\"Jasmin Massage &amp; Spa\" \/>\n<meta property=\"article:publisher\" content=\"https:\/\/www.facebook.com\/profile.php?id=61567223695704\" \/>\n<meta property=\"article:modified_time\" content=\"2025-08-17T14:25:09+00:00\" \/>\n<meta property=\"og:image\" content=\"https:\/\/jasminmassage.be\/wp-content\/uploads\/2025\/03\/893ab75a-bef3-4f4d-8c83-b66549adac34.jpeg\" \/>\n\t<meta property=\"og:image:width\" content=\"2048\" \/>\n\t<meta property=\"og:image:height\" content=\"1096\" \/>\n\t<meta property=\"og:image:type\" content=\"image\/jpeg\" \/>\n<meta name=\"twitter:card\" content=\"summary_large_image\" \/>\n<meta name=\"twitter:label1\" content=\"Geschatte leestijd\" \/>\n\t<meta name=\"twitter:data1\" content=\"4 minuten\" \/>\n<script type=\"application\/ld+json\" class=\"yoast-schema-graph\">{\"@context\":\"https:\/\/schema.org\",\"@graph\":[{\"@type\":\"WebPage\",\"@id\":\"https:\/\/jasminmassage.be\/?page_id=54\",\"url\":\"https:\/\/jasminmassage.be\/?page_id=54\",\"name\":\"Massage's &amp; tarieven - Jasmin Massage &amp; Spa\",\"isPartOf\":{\"@id\":\"https:\/\/jasminmassage.be\/#website\"},\"primaryImageOfPage\":{\"@id\":\"https:\/\/jasminmassage.be\/?page_id=54#primaryimage\"},\"image\":{\"@id\":\"https:\/\/jasminmassage.be\/?page_id=54#primaryimage\"},\"thumbnailUrl\":\"https:\/\/jasminmassage.be\/wp-content\/uploads\/2025\/03\/893ab75a-bef3-4f4d-8c83-b66549adac34-1024x548.jpeg\",\"datePublished\":\"2024-12-15T14:12:49+00:00\",\"dateModified\":\"2025-08-17T14:25:09+00:00\",\"breadcrumb\":{\"@id\":\"https:\/\/jasminmassage.be\/?page_id=54#breadcrumb\"},\"inLanguage\":\"nl-NL\",\"potentialAction\":[{\"@type\":\"ReadAction\",\"target\":[\"https:\/\/jasminmassage.be\/?page_id=54\"]}]},{\"@type\":\"ImageObject\",\"inLanguage\":\"nl-NL\",\"@id\":\"https:\/\/jasminmassage.be\/?page_id=54#primaryimage\",\"url\":\"https:\/\/jasminmassage.be\/wp-content\/uploads\/2025\/03\/893ab75a-bef3-4f4d-8c83-b66549adac34.jpeg\",\"contentUrl\":\"https:\/\/jasminmassage.be\/wp-content\/uploads\/2025\/03\/893ab75a-bef3-4f4d-8c83-b66549adac34.jpeg\",\"width\":2048,\"height\":1096},{\"@type\":\"BreadcrumbList\",\"@id\":\"https:\/\/jasminmassage.be\/?page_id=54#breadcrumb\",\"itemListElement\":[{\"@type\":\"ListItem\",\"position\":1,\"name\":\"Home\",\"item\":\"https:\/\/jasminmassage.be\/\"},{\"@type\":\"ListItem\",\"position\":2,\"name\":\"Massage&#8217;s &amp; tarieven\"}]},{\"@type\":\"WebSite\",\"@id\":\"https:\/\/jasminmassage.be\/#website\",\"url\":\"https:\/\/jasminmassage.be\/\",\"name\":\"Jasmin Massage & Spa\",\"description\":\"\",\"publisher\":{\"@id\":\"https:\/\/jasminmassage.be\/#organization\"},\"potentialAction\":[{\"@type\":\"SearchAction\",\"target\":{\"@type\":\"EntryPoint\",\"urlTemplate\":\"https:\/\/jasminmassage.be\/?s={search_term_string}\"},\"query-input\":{\"@type\":\"PropertyValueSpecification\",\"valueRequired\":true,\"valueName\":\"search_term_string\"}}],\"inLanguage\":\"nl-NL\"},{\"@type\":\"Organization\",\"@id\":\"https:\/\/jasminmassage.be\/#organization\",\"name\":\"Jasmin Massage & Spa\",\"url\":\"https:\/\/jasminmassage.be\/\",\"logo\":{\"@type\":\"ImageObject\",\"inLanguage\":\"nl-NL\",\"@id\":\"https:\/\/jasminmassage.be\/#\/schema\/logo\/image\/\",\"url\":\"https:\/\/jasminmassage.be\/wp-content\/uploads\/2025\/01\/logo-4.png\",\"contentUrl\":\"https:\/\/jasminmassage.be\/wp-content\/uploads\/2025\/01\/logo-4.png\",\"width\":1079,\"height\":806,\"caption\":\"Jasmin Massage & Spa\"},\"image\":{\"@id\":\"https:\/\/jasminmassage.be\/#\/schema\/logo\/image\/\"},\"sameAs\":[\"https:\/\/www.facebook.com\/profile.php?id=61567223695704\"]}]}<\/script>\n<!-- \/ Yoast SEO plugin. -->","yoast_head_json":{"title":"Massage's &amp; tarieven - Jasmin Massage &amp; Spa","robots":{"index":"index","follow":"follow","max-snippet":"max-snippet:-1","max-image-preview":"max-image-preview:large","max-video-preview":"max-video-preview:-1"},"canonical":"https:\/\/jasminmassage.be\/?page_id=54","og_locale":"nl_NL","og_type":"article","og_title":"Massage's &amp; tarieven - Jasmin Massage &amp; Spa","og_description":"Jasmin Thaise massage en spa behandelingen \ud83e\udeb7Traditionele Thaise massage (\u20ac 60\/60 min.)Traditionele Thaise massage combineert acupressuur, stretchen en ondersteunde yogahoudingen om ontspanning, flexibiliteit en algeheel welzijn te bevorderen. \ud83e\udeb7Thaise combinatiemassage \/ Thaise olie massage (\u20ac 65\/60 min.)De Thaise combinatiemassage combineert traditionele Thaise technieken met elementen van Zweedse en deep tissue massage voor een verjongende en [&hellip;]","og_url":"https:\/\/jasminmassage.be\/?page_id=54","og_site_name":"Jasmin Massage &amp; Spa","article_publisher":"https:\/\/www.facebook.com\/profile.php?id=61567223695704","article_modified_time":"2025-08-17T14:25:09+00:00","og_image":[{"width":2048,"height":1096,"url":"https:\/\/jasminmassage.be\/wp-content\/uploads\/2025\/03\/893ab75a-bef3-4f4d-8c83-b66549adac34.jpeg","type":"image\/jpeg"}],"twitter_card":"summary_large_image","twitter_misc":{"Geschatte leestijd":"4 minuten"},"schema":{"@context":"https:\/\/schema.org","@graph":[{"@type":"WebPage","@id":"https:\/\/jasminmassage.be\/?page_id=54","url":"https:\/\/jasminmassage.be\/?page_id=54","name":"Massage's &amp; tarieven - Jasmin Massage &amp; Spa","isPartOf":{"@id":"https:\/\/jasminmassage.be\/#website"},"primaryImageOfPage":{"@id":"https:\/\/jasminmassage.be\/?page_id=54#primaryimage"},"image":{"@id":"https:\/\/jasminmassage.be\/?page_id=54#primaryimage"},"thumbnailUrl":"https:\/\/jasminmassage.be\/wp-content\/uploads\/2025\/03\/893ab75a-bef3-4f4d-8c83-b66549adac34-1024x548.jpeg","datePublished":"2024-12-15T14:12:49+00:00","dateModified":"2025-08-17T14:25:09+00:00","breadcrumb":{"@id":"https:\/\/jasminmassage.be\/?page_id=54#breadcrumb"},"inLanguage":"nl-NL","potentialAction":[{"@type":"ReadAction","target":["https:\/\/jasminmassage.be\/?page_id=54"]}]},{"@type":"ImageObject","inLanguage":"nl-NL","@id":"https:\/\/jasminmassage.be\/?page_id=54#primaryimage","url":"https:\/\/jasminmassage.be\/wp-content\/uploads\/2025\/03\/893ab75a-bef3-4f4d-8c83-b66549adac34.jpeg","contentUrl":"https:\/\/jasminmassage.be\/wp-content\/uploads\/2025\/03\/893ab75a-bef3-4f4d-8c83-b66549adac34.jpeg","width":2048,"height":1096},{"@type":"BreadcrumbList","@id":"https:\/\/jasminmassage.be\/?page_id=54#breadcrumb","itemListElement":[{"@type":"ListItem","position":1,"name":"Home","item":"https:\/\/jasminmassage.be\/"},{"@type":"ListItem","position":2,"name":"Massage&#8217;s &amp; tarieven"}]},{"@type":"WebSite","@id":"https:\/\/jasminmassage.be\/#website","url":"https:\/\/jasminmassage.be\/","name":"Jasmin Massage & Spa","description":"","publisher":{"@id":"https:\/\/jasminmassage.be\/#organization"},"potentialAction":[{"@type":"SearchAction","target":{"@type":"EntryPoint","urlTemplate":"https:\/\/jasminmassage.be\/?s={search_term_string}"},"query-input":{"@type":"PropertyValueSpecification","valueRequired":true,"valueName":"search_term_string"}}],"inLanguage":"nl-NL"},{"@type":"Organization","@id":"https:\/\/jasminmassage.be\/#organization","name":"Jasmin Massage & Spa","url":"https:\/\/jasminmassage.be\/","logo":{"@type":"ImageObject","inLanguage":"nl-NL","@id":"https:\/\/jasminmassage.be\/#\/schema\/logo\/image\/","url":"https:\/\/jasminmassage.be\/wp-content\/uploads\/2025\/01\/logo-4.png","contentUrl":"https:\/\/jasminmassage.be\/wp-content\/uploads\/2025\/01\/logo-4.png","width":1079,"height":806,"caption":"Jasmin Massage & Spa"},"image":{"@id":"https:\/\/jasminmassage.be\/#\/schema\/logo\/image\/"},"sameAs":["https:\/\/www.facebook.com\/profile.php?id=61567223695704"]}]}},"_links":{"self":[{"href":"https:\/\/jasminmassage.be\/index.php?rest_route=\/wp\/v2\/pages\/54","targetHints":{"allow":["GET"]}}],"collection":[{"href":"https:\/\/jasminmassage.be\/index.php?rest_route=\/wp\/v2\/pages"}],"about":[{"href":"https:\/\/jasminmassage.be\/index.php?rest_route=\/wp\/v2\/types\/page"}],"author":[{"embeddable":true,"href":"https:\/\/jasminmassage.be\/index.php?rest_route=\/wp\/v2\/users\/1"}],"replies":[{"embeddable":true,"href":"https:\/\/jasminmassage.be\/index.php?rest_route=%2Fwp%2Fv2%2Fcomments&post=54"}],"version-history":[{"count":13,"href":"https:\/\/jasminmassage.be\/index.php?rest_route=\/wp\/v2\/pages\/54\/revisions"}],"predecessor-version":[{"id":192,"href":"https:\/\/jasminmassage.be\/index.php?rest_route=\/wp\/v2\/pages\/54\/revisions\/192"}],"wp:attachment":[{"href":"https:\/\/jasminmassage.be\/index.php?rest_route=%2Fwp%2Fv2%2Fmedia&parent=54"}],"curies":[{"name":"wp","href":"https:\/\/api.w.org\/{rel}","templated":true}]}}